{"id":5478,"date":"2022-08-08T14:45:10","date_gmt":"2022-06-17T21:20:11","guid":{"rendered":"https:\/\/rizn.ca\/?post_type=product&#038;p=5478"},"modified":"2024-07-11T14:36:49","modified_gmt":"2024-07-11T18:36:49","slug":"triple-hair-derma-roller","status":"publish","type":"product","link":"https:\/\/rizn.ca\/fr\/product\/triple-hair-derma-roller\/","title":{"rendered":"Triple Hair Derma Roller"},"content":{"rendered":"","protected":false},"excerpt":{"rendered":"<p>Le Derma Roller fonctionne en tant que syst\u00e8me de microneedling. Le microneedling (ou la microperforation) aide \u00e0 stimuler la circulation sanguine du cuir chevelu et favoriser la croissance des cheveux. Le Derma Roller peut aider les traitements topiques pour la croissance des cheveux (tel que le <a href=\"https:\/\/rizn.ca\/fr\/product\/rizn-spray-densite-capillaire\/\">RIZN Spray Densit\u00e9 Capillaire<\/a>) \u00e0 p\u00e9n\u00e9trer plus efficacement dans le cuir chevelu. Notre Derma Roller a des aiguilles de 0,5 mm ce qui est optimal pour la repousse des cheveux.<\/p>\n","protected":false},"featured_media":5532,"template":"","meta":[],"product_cat":[37],"product_tag":[],"class_list":["post-5478","product","type-product","status-publish","has-post-thumbnail","hentry","product_cat-uncategorized-fr"],"bundle_layout":"","bundle_add_to_cart_form_location":"","bundle_editable_in_cart":false,"bundle_sold_individually_context":"","bundle_item_grouping":"","bundle_min_size":"","bundle_max_size":"","bundled_by":[],"bundled_items":[],"yoast_head":"<!-- This site is optimized with the Yoast SEO plugin v20.9 - https:\/\/yoast.com\/wordpress\/plugins\/seo\/ -->\n<title>Triple Hair Derma Roller - Rizn<\/title>\n<meta name=\"robots\" content=\"index, follow, max-snippet:-1, max-image-preview:large, max-video-preview:-1\" \/>\n<link rel=\"canonical\" href=\"https:\/\/rizn.ca\/fr\/product\/triple-hair-derma-roller\/\" \/>\n<meta property=\"og:locale\" content=\"fr_FR\" \/>\n<meta property=\"og:type\" content=\"article\" \/>\n<meta property=\"og:title\" content=\"Triple Hair Derma Roller - Rizn\" \/>\n<meta property=\"og:description\" content=\"Le Derma Roller fonctionne en tant que syst\u00e8me de microneedling. Le microneedling (ou la microperforation) aide \u00e0 stimuler la circulation sanguine du cuir chevelu et favoriser la croissance des cheveux. Le Derma Roller peut aider les traitements topiques pour la croissance des cheveux (tel que le RIZN Spray Densit\u00e9 Capillaire) \u00e0 p\u00e9n\u00e9trer plus efficacement dans le cuir chevelu. Notre Derma Roller a des aiguilles de 0,5 mm ce qui est optimal pour la repousse des cheveux.\" \/>\n<meta property=\"og:url\" content=\"https:\/\/rizn.ca\/fr\/product\/triple-hair-derma-roller\/\" \/>\n<meta property=\"og:site_name\" content=\"Rizn\" \/>\n<meta property=\"article:modified_time\" content=\"2024-07-11T18:36:49+00:00\" \/>\n<meta property=\"og:image\" content=\"https:\/\/rizn.ca\/wp-content\/uploads\/2022\/05\/TripleHairDermaRoller_product.png\" \/>\n\t<meta property=\"og:image:width\" content=\"1185\" \/>\n\t<meta property=\"og:image:height\" content=\"1185\" \/>\n\t<meta property=\"og:image:type\" content=\"image\/png\" \/>\n<meta name=\"twitter:card\" content=\"summary_large_image\" \/>\n<script type=\"application\/ld+json\" class=\"yoast-schema-graph\">{\"@context\":\"https:\/\/schema.org\",\"@graph\":[{\"@type\":\"WebPage\",\"@id\":\"https:\/\/rizn.ca\/fr\/product\/triple-hair-derma-roller\/\",\"url\":\"https:\/\/rizn.ca\/fr\/product\/triple-hair-derma-roller\/\",\"name\":\"Triple Hair Derma Roller - Rizn\",\"isPartOf\":{\"@id\":\"https:\/\/rizn.ca\/#website\"},\"datePublished\":\"2022-06-17T21:20:11+00:00\",\"dateModified\":\"2024-07-11T18:36:49+00:00\",\"breadcrumb\":{\"@id\":\"https:\/\/rizn.ca\/fr\/product\/triple-hair-derma-roller\/#breadcrumb\"},\"inLanguage\":\"fr-FR\",\"potentialAction\":[{\"@type\":\"ReadAction\",\"target\":[\"https:\/\/rizn.ca\/fr\/product\/triple-hair-derma-roller\/\"]}]},{\"@type\":\"BreadcrumbList\",\"@id\":\"https:\/\/rizn.ca\/fr\/product\/triple-hair-derma-roller\/#breadcrumb\",\"itemListElement\":[{\"@type\":\"ListItem\",\"position\":1,\"name\":\"Home\",\"item\":\"https:\/\/rizn.ca\/fr\/\"},{\"@type\":\"ListItem\",\"position\":2,\"name\":\"Shop\",\"item\":\"https:\/\/rizn.ca\/fr\/?page_id=1208\"},{\"@type\":\"ListItem\",\"position\":3,\"name\":\"Triple Hair Derma Roller\"}]},{\"@type\":\"WebSite\",\"@id\":\"https:\/\/rizn.ca\/#website\",\"url\":\"https:\/\/rizn.ca\/\",\"name\":\"Rizn\",\"description\":\"Powered by science\",\"publisher\":{\"@id\":\"https:\/\/rizn.ca\/#organization\"},\"potentialAction\":[{\"@type\":\"SearchAction\",\"target\":{\"@type\":\"EntryPoint\",\"urlTemplate\":\"https:\/\/rizn.ca\/?s={search_term_string}\"},\"query-input\":\"required name=search_term_string\"}],\"inLanguage\":\"fr-FR\"},{\"@type\":\"Organization\",\"@id\":\"https:\/\/rizn.ca\/#organization\",\"name\":\"Rizn\",\"url\":\"https:\/\/rizn.ca\/\",\"logo\":{\"@type\":\"ImageObject\",\"inLanguage\":\"fr-FR\",\"@id\":\"https:\/\/rizn.ca\/#\/schema\/logo\/image\/\",\"url\":\"https:\/\/rizn.ca\/wp-content\/uploads\/2021\/06\/RIZN_black.svg\",\"contentUrl\":\"https:\/\/rizn.ca\/wp-content\/uploads\/2021\/06\/RIZN_black.svg\",\"width\":564,\"height\":120,\"caption\":\"Rizn\"},\"image\":{\"@id\":\"https:\/\/rizn.ca\/#\/schema\/logo\/image\/\"}}]}<\/script>\n<!-- \/ Yoast SEO plugin. -->","yoast_head_json":{"title":"Triple Hair Derma Roller - Rizn","robots":{"index":"index","follow":"follow","max-snippet":"max-snippet:-1","max-image-preview":"max-image-preview:large","max-video-preview":"max-video-preview:-1"},"canonical":"https:\/\/rizn.ca\/fr\/product\/triple-hair-derma-roller\/","og_locale":"fr_FR","og_type":"article","og_title":"Triple Hair Derma Roller - Rizn","og_description":"Le Derma Roller fonctionne en tant que syst\u00e8me de microneedling. Le microneedling (ou la microperforation) aide \u00e0 stimuler la circulation sanguine du cuir chevelu et favoriser la croissance des cheveux. Le Derma Roller peut aider les traitements topiques pour la croissance des cheveux (tel que le RIZN Spray Densit\u00e9 Capillaire) \u00e0 p\u00e9n\u00e9trer plus efficacement dans le cuir chevelu. Notre Derma Roller a des aiguilles de 0,5 mm ce qui est optimal pour la repousse des cheveux.","og_url":"https:\/\/rizn.ca\/fr\/product\/triple-hair-derma-roller\/","og_site_name":"Rizn","article_modified_time":"2024-07-11T18:36:49+00:00","og_image":[{"width":1185,"height":1185,"url":"https:\/\/rizn.ca\/wp-content\/uploads\/2022\/05\/TripleHairDermaRoller_product.png","type":"image\/png"}],"twitter_card":"summary_large_image","schema":{"@context":"https:\/\/schema.org","@graph":[{"@type":"WebPage","@id":"https:\/\/rizn.ca\/fr\/product\/triple-hair-derma-roller\/","url":"https:\/\/rizn.ca\/fr\/product\/triple-hair-derma-roller\/","name":"Triple Hair Derma Roller - Rizn","isPartOf":{"@id":"https:\/\/rizn.ca\/#website"},"datePublished":"2022-06-17T21:20:11+00:00","dateModified":"2024-07-11T18:36:49+00:00","breadcrumb":{"@id":"https:\/\/rizn.ca\/fr\/product\/triple-hair-derma-roller\/#breadcrumb"},"inLanguage":"fr-FR","potentialAction":[{"@type":"ReadAction","target":["https:\/\/rizn.ca\/fr\/product\/triple-hair-derma-roller\/"]}]},{"@type":"BreadcrumbList","@id":"https:\/\/rizn.ca\/fr\/product\/triple-hair-derma-roller\/#breadcrumb","itemListElement":[{"@type":"ListItem","position":1,"name":"Home","item":"https:\/\/rizn.ca\/fr\/"},{"@type":"ListItem","position":2,"name":"Shop","item":"https:\/\/rizn.ca\/fr\/?page_id=1208"},{"@type":"ListItem","position":3,"name":"Triple Hair Derma Roller"}]},{"@type":"WebSite","@id":"https:\/\/rizn.ca\/#website","url":"https:\/\/rizn.ca\/","name":"Rizn","description":"Powered by science","publisher":{"@id":"https:\/\/rizn.ca\/#organization"},"potentialAction":[{"@type":"SearchAction","target":{"@type":"EntryPoint","urlTemplate":"https:\/\/rizn.ca\/?s={search_term_string}"},"query-input":"required name=search_term_string"}],"inLanguage":"fr-FR"},{"@type":"Organization","@id":"https:\/\/rizn.ca\/#organization","name":"Rizn","url":"https:\/\/rizn.ca\/","logo":{"@type":"ImageObject","inLanguage":"fr-FR","@id":"https:\/\/rizn.ca\/#\/schema\/logo\/image\/","url":"https:\/\/rizn.ca\/wp-content\/uploads\/2021\/06\/RIZN_black.svg","contentUrl":"https:\/\/rizn.ca\/wp-content\/uploads\/2021\/06\/RIZN_black.svg","width":564,"height":120,"caption":"Rizn"},"image":{"@id":"https:\/\/rizn.ca\/#\/schema\/logo\/image\/"}}]}},"_links":{"self":[{"href":"https:\/\/rizn.ca\/fr\/wp-json\/wp\/v2\/product\/5478","targetHints":{"allow":["GET"]}}],"collection":[{"href":"https:\/\/rizn.ca\/fr\/wp-json\/wp\/v2\/product"}],"about":[{"href":"https:\/\/rizn.ca\/fr\/wp-json\/wp\/v2\/types\/product"}],"wp:featuredmedia":[{"embeddable":true,"href":"https:\/\/rizn.ca\/fr\/wp-json\/wp\/v2\/media\/5532"}],"wp:attachment":[{"href":"https:\/\/rizn.ca\/fr\/wp-json\/wp\/v2\/media?parent=5478"}],"wp:term":[{"taxonomy":"product_cat","embeddable":true,"href":"https:\/\/rizn.ca\/fr\/wp-json\/wp\/v2\/product_cat?post=5478"},{"taxonomy":"product_tag","embeddable":true,"href":"https:\/\/rizn.ca\/fr\/wp-json\/wp\/v2\/product_tag?post=5478"}],"curies":[{"name":"wp","href":"https:\/\/api.w.org\/{rel}","templated":true}]}}