{"id":2873,"date":"2021-04-26T07:56:58","date_gmt":"2021-04-26T07:56:58","guid":{"rendered":"https:\/\/rizn.artisan-marketing.dev\/produits\/rizn-hair-density-spray\/"},"modified":"2024-09-10T12:36:12","modified_gmt":"2024-09-10T16:36:12","slug":"rizn-spray-densite-capillaire","status":"publish","type":"product","link":"https:\/\/rizn.ca\/fr\/product\/rizn-spray-densite-capillaire\/","title":{"rendered":"RIZN Spray Densit\u00e9 Capillaire"},"content":{"rendered":"","protected":false},"excerpt":{"rendered":"<p><strong>Un spray capillaire formul\u00e9 pour nourrir le cuir chevelu et les racines des cheveux pour plus de volume et d\u2019\u00e9paisseur.<\/strong><\/p>\n<p>&nbsp;<\/p>\n<p>Une utilisation continue et quotidienne du produit est n\u00e9cessaire pour r\u00e9duire la perte de cheveux.<strong> Une bouteille de 60 ml fournit 2 mois de traitement.<\/strong><\/p>\n<p>&nbsp;<\/p>\n<p>Il faut pr\u00e9voir 3 mois d\u2019utilisation en continu afin de constater les premiers r\u00e9sultats en termes de densit\u00e9.<\/p>\n","protected":false},"featured_media":1150,"template":"","meta":[],"product_cat":[37],"product_tag":[],"class_list":["post-2873","product","type-product","status-publish","has-post-thumbnail","hentry","product_cat-uncategorized-fr"],"bundle_layout":"","bundle_add_to_cart_form_location":"","bundle_editable_in_cart":false,"bundle_sold_individually_context":"","bundle_item_grouping":"","bundle_min_size":"","bundle_max_size":"","bundled_by":["2871","3149","3151","3162","3163"],"bundled_items":[],"yoast_head":"<!-- This site is optimized with the Yoast SEO plugin v20.9 - https:\/\/yoast.com\/wordpress\/plugins\/seo\/ -->\n<title>RIZN Spray Densit\u00e9 Capillaire | pour cheveux clairsem\u00e9s<\/title>\n<meta name=\"description\" content=\"Un spray capillaire qui renforce, \u00e9paissit et densifie vos cheveux tout en nourrissant votre cuir chevelu et vos racines.\" \/>\n<meta name=\"robots\" content=\"index, follow, max-snippet:-1, max-image-preview:large, max-video-preview:-1\" \/>\n<link rel=\"canonical\" href=\"https:\/\/rizn.ca\/fr\/product\/rizn-spray-densite-capillaire\/\" \/>\n<meta property=\"og:locale\" content=\"fr_FR\" \/>\n<meta property=\"og:type\" content=\"article\" \/>\n<meta property=\"og:title\" content=\"RIZN Spray Densit\u00e9 Capillaire | pour cheveux clairsem\u00e9s\" \/>\n<meta property=\"og:description\" content=\"Un spray capillaire qui renforce, \u00e9paissit et densifie vos cheveux tout en nourrissant votre cuir chevelu et vos racines.\" \/>\n<meta property=\"og:url\" content=\"https:\/\/rizn.ca\/fr\/product\/rizn-spray-densite-capillaire\/\" \/>\n<meta property=\"og:site_name\" content=\"Rizn\" \/>\n<meta property=\"article:modified_time\" content=\"2024-09-10T16:36:12+00:00\" \/>\n<meta property=\"og:image\" content=\"https:\/\/rizn.ca\/wp-content\/uploads\/2021\/07\/RIZN_Boxspray.png\" \/>\n\t<meta property=\"og:image:width\" content=\"1200\" \/>\n\t<meta property=\"og:image:height\" content=\"1200\" \/>\n\t<meta property=\"og:image:type\" content=\"image\/png\" \/>\n<meta name=\"twitter:card\" content=\"summary_large_image\" \/>\n<script type=\"application\/ld+json\" class=\"yoast-schema-graph\">{\"@context\":\"https:\/\/schema.org\",\"@graph\":[{\"@type\":\"WebPage\",\"@id\":\"https:\/\/rizn.ca\/fr\/product\/rizn-spray-densite-capillaire\/\",\"url\":\"https:\/\/rizn.ca\/fr\/product\/rizn-spray-densite-capillaire\/\",\"name\":\"RIZN Spray Densit\u00e9 Capillaire | pour cheveux clairsem\u00e9s\",\"isPartOf\":{\"@id\":\"https:\/\/rizn.ca\/#website\"},\"datePublished\":\"2021-04-26T07:56:58+00:00\",\"dateModified\":\"2024-09-10T16:36:12+00:00\",\"description\":\"Un spray capillaire qui renforce, \u00e9paissit et densifie vos cheveux tout en nourrissant votre cuir chevelu et vos racines.\",\"breadcrumb\":{\"@id\":\"https:\/\/rizn.ca\/fr\/product\/rizn-spray-densite-capillaire\/#breadcrumb\"},\"inLanguage\":\"fr-FR\",\"potentialAction\":[{\"@type\":\"ReadAction\",\"target\":[\"https:\/\/rizn.ca\/fr\/product\/rizn-spray-densite-capillaire\/\"]}]},{\"@type\":\"BreadcrumbList\",\"@id\":\"https:\/\/rizn.ca\/fr\/product\/rizn-spray-densite-capillaire\/#breadcrumb\",\"itemListElement\":[{\"@type\":\"ListItem\",\"position\":1,\"name\":\"Home\",\"item\":\"https:\/\/rizn.ca\/fr\/\"},{\"@type\":\"ListItem\",\"position\":2,\"name\":\"Shop\",\"item\":\"https:\/\/rizn.ca\/fr\/?page_id=1208\"},{\"@type\":\"ListItem\",\"position\":3,\"name\":\"RIZN Spray Densit\u00e9 Capillaire\"}]},{\"@type\":\"WebSite\",\"@id\":\"https:\/\/rizn.ca\/#website\",\"url\":\"https:\/\/rizn.ca\/\",\"name\":\"Rizn\",\"description\":\"Powered by science\",\"publisher\":{\"@id\":\"https:\/\/rizn.ca\/#organization\"},\"potentialAction\":[{\"@type\":\"SearchAction\",\"target\":{\"@type\":\"EntryPoint\",\"urlTemplate\":\"https:\/\/rizn.ca\/?s={search_term_string}\"},\"query-input\":\"required name=search_term_string\"}],\"inLanguage\":\"fr-FR\"},{\"@type\":\"Organization\",\"@id\":\"https:\/\/rizn.ca\/#organization\",\"name\":\"Rizn\",\"url\":\"https:\/\/rizn.ca\/\",\"logo\":{\"@type\":\"ImageObject\",\"inLanguage\":\"fr-FR\",\"@id\":\"https:\/\/rizn.ca\/#\/schema\/logo\/image\/\",\"url\":\"https:\/\/rizn.ca\/wp-content\/uploads\/2021\/06\/RIZN_black.svg\",\"contentUrl\":\"https:\/\/rizn.ca\/wp-content\/uploads\/2021\/06\/RIZN_black.svg\",\"width\":564,\"height\":120,\"caption\":\"Rizn\"},\"image\":{\"@id\":\"https:\/\/rizn.ca\/#\/schema\/logo\/image\/\"}}]}<\/script>\n<!-- \/ Yoast SEO plugin. -->","yoast_head_json":{"title":"RIZN Spray Densit\u00e9 Capillaire | pour cheveux clairsem\u00e9s","description":"Un spray capillaire qui renforce, \u00e9paissit et densifie vos cheveux tout en nourrissant votre cuir chevelu et vos racines.","robots":{"index":"index","follow":"follow","max-snippet":"max-snippet:-1","max-image-preview":"max-image-preview:large","max-video-preview":"max-video-preview:-1"},"canonical":"https:\/\/rizn.ca\/fr\/product\/rizn-spray-densite-capillaire\/","og_locale":"fr_FR","og_type":"article","og_title":"RIZN Spray Densit\u00e9 Capillaire | pour cheveux clairsem\u00e9s","og_description":"Un spray capillaire qui renforce, \u00e9paissit et densifie vos cheveux tout en nourrissant votre cuir chevelu et vos racines.","og_url":"https:\/\/rizn.ca\/fr\/product\/rizn-spray-densite-capillaire\/","og_site_name":"Rizn","article_modified_time":"2024-09-10T16:36:12+00:00","og_image":[{"width":1200,"height":1200,"url":"https:\/\/rizn.ca\/wp-content\/uploads\/2021\/07\/RIZN_Boxspray.png","type":"image\/png"}],"twitter_card":"summary_large_image","schema":{"@context":"https:\/\/schema.org","@graph":[{"@type":"WebPage","@id":"https:\/\/rizn.ca\/fr\/product\/rizn-spray-densite-capillaire\/","url":"https:\/\/rizn.ca\/fr\/product\/rizn-spray-densite-capillaire\/","name":"RIZN Spray Densit\u00e9 Capillaire | pour cheveux clairsem\u00e9s","isPartOf":{"@id":"https:\/\/rizn.ca\/#website"},"datePublished":"2021-04-26T07:56:58+00:00","dateModified":"2024-09-10T16:36:12+00:00","description":"Un spray capillaire qui renforce, \u00e9paissit et densifie vos cheveux tout en nourrissant votre cuir chevelu et vos racines.","breadcrumb":{"@id":"https:\/\/rizn.ca\/fr\/product\/rizn-spray-densite-capillaire\/#breadcrumb"},"inLanguage":"fr-FR","potentialAction":[{"@type":"ReadAction","target":["https:\/\/rizn.ca\/fr\/product\/rizn-spray-densite-capillaire\/"]}]},{"@type":"BreadcrumbList","@id":"https:\/\/rizn.ca\/fr\/product\/rizn-spray-densite-capillaire\/#breadcrumb","itemListElement":[{"@type":"ListItem","position":1,"name":"Home","item":"https:\/\/rizn.ca\/fr\/"},{"@type":"ListItem","position":2,"name":"Shop","item":"https:\/\/rizn.ca\/fr\/?page_id=1208"},{"@type":"ListItem","position":3,"name":"RIZN Spray Densit\u00e9 Capillaire"}]},{"@type":"WebSite","@id":"https:\/\/rizn.ca\/#website","url":"https:\/\/rizn.ca\/","name":"Rizn","description":"Powered by science","publisher":{"@id":"https:\/\/rizn.ca\/#organization"},"potentialAction":[{"@type":"SearchAction","target":{"@type":"EntryPoint","urlTemplate":"https:\/\/rizn.ca\/?s={search_term_string}"},"query-input":"required name=search_term_string"}],"inLanguage":"fr-FR"},{"@type":"Organization","@id":"https:\/\/rizn.ca\/#organization","name":"Rizn","url":"https:\/\/rizn.ca\/","logo":{"@type":"ImageObject","inLanguage":"fr-FR","@id":"https:\/\/rizn.ca\/#\/schema\/logo\/image\/","url":"https:\/\/rizn.ca\/wp-content\/uploads\/2021\/06\/RIZN_black.svg","contentUrl":"https:\/\/rizn.ca\/wp-content\/uploads\/2021\/06\/RIZN_black.svg","width":564,"height":120,"caption":"Rizn"},"image":{"@id":"https:\/\/rizn.ca\/#\/schema\/logo\/image\/"}}]}},"_links":{"self":[{"href":"https:\/\/rizn.ca\/fr\/wp-json\/wp\/v2\/product\/2873","targetHints":{"allow":["GET"]}}],"collection":[{"href":"https:\/\/rizn.ca\/fr\/wp-json\/wp\/v2\/product"}],"about":[{"href":"https:\/\/rizn.ca\/fr\/wp-json\/wp\/v2\/types\/product"}],"wp:featuredmedia":[{"embeddable":true,"href":"https:\/\/rizn.ca\/fr\/wp-json\/wp\/v2\/media\/1150"}],"wp:attachment":[{"href":"https:\/\/rizn.ca\/fr\/wp-json\/wp\/v2\/media?parent=2873"}],"wp:term":[{"taxonomy":"product_cat","embeddable":true,"href":"https:\/\/rizn.ca\/fr\/wp-json\/wp\/v2\/product_cat?post=2873"},{"taxonomy":"product_tag","embeddable":true,"href":"https:\/\/rizn.ca\/fr\/wp-json\/wp\/v2\/product_tag?post=2873"}],"curies":[{"name":"wp","href":"https:\/\/api.w.org\/{rel}","templated":true}]}}